
{"id":71201255,"date":"2024-12-04T11:01:50","date_gmt":"2024-12-04T11:01:50","guid":{"rendered":"https:\/\/colegiopuertosol.com\/wp\/?page_id=71201255"},"modified":"2026-01-24T18:18:51","modified_gmt":"2026-01-24T18:18:51","slug":"colegio-2","status":"publish","type":"page","link":"https:\/\/colegiopuertosol.net\/?page_id=71201255","title":{"rendered":"Colegio"},"content":{"rendered":"\n<p><strong>PROYECTO EDUCATIVO<\/strong><\/p>\n\n\n\n<p>El proyecto educativo del Colegio Puertosol cuenta con el aval de <strong>50 a\u00f1os de historia<\/strong> y experiencia al servicio de la formaci\u00f3n integral de su alumnado. Unas instalaciones completas y actuales que permiten el mejor desarrollo de todas las actividades acad\u00e9micas y extraescolares. Un proyecto de formaci\u00f3n integral que cubre todas las etapas educativas y que va m\u00e1s all\u00e1 de la simple adquisici\u00f3n de conocimientos.<\/p>\n\n\n<div class=\"wp-block-image\">\n<figure class=\"alignleft size-full is-resized\"><img loading=\"lazy\" decoding=\"async\" width=\"382\" height=\"287\" src=\"https:\/\/colegiopuertosol.net\/wp-content\/uploads\/2025\/01\/2024-01-19-edited.jpg\" alt=\"\" class=\"wp-image-71201596\" style=\"width:373px;height:auto\" srcset=\"https:\/\/colegiopuertosol.net\/wp-content\/uploads\/2025\/01\/2024-01-19-edited.jpg 382w, https:\/\/colegiopuertosol.net\/wp-content\/uploads\/2025\/01\/2024-01-19-edited-300x225.jpg 300w\" sizes=\"auto, (max-width: 382px) 100vw, 382px\" \/><\/figure>\n<\/div>\n\n\n<p><strong>FORMACI\u00d3N INTEGRAL<\/strong><\/p>\n\n\n\n<p>Desde la etapa Infantil hasta el Bachillerato se trabaja para conseguir&nbsp; el \u00e9xito de nuestros alumnos en el \u00e1mbito acad\u00e9mico buscando&nbsp; su evoluci\u00f3n a nivel personal. Ayudar al ni\u00f1o y la ni\u00f1a de hoy para que desarrolle su potencial y se convierta en el hombre o mujer del ma\u00f1ana; capaz de liderar y asumir con \u00e9xito sus retos y responsabilidades personales, profesionales y sociales.&nbsp; Para ello, el Colegio Puertosol cultiva la pasi\u00f3n por el aprendizaje, el respeto a los dem\u00e1s, la amistad, el compa\u00f1erismo y la b\u00fasqueda de la excelencia. Todos ellos se conjugan con el desarrollo de conocimientos, habilidades y valores en la persona. Sentirse motivado e interesado por el aprendizaje acad\u00e9mico es posible y natural cuando las personas que te rodean tambi\u00e9n est\u00e1n motivadas.<\/p>\n\n\n\n<p><\/p>\n\n\n\n<p><\/p>\n\n\n\n<p class=\"has-text-align-center\"><strong>EN PUERTOSOL NOS SENTIMOS ORGULLOSOS DE CONSEGUIR NUESTRO OBJETIVO:<\/strong><\/p>\n\n\n\n<p class=\"has-text-align-center\"><strong>\u00a1LA MEJOR PREPARACI\u00d3N PARA SU FUTURO!<\/strong><\/p>\n\n\n\n<p class=\"has-text-align-center\"><\/p>\n\n\n\n<figure class=\"wp-block-image alignwide size-full\"><img loading=\"lazy\" decoding=\"async\" width=\"680\" height=\"359\" src=\"https:\/\/colegiopuertosol.net\/wp-content\/uploads\/2025\/01\/2024-01-19-2-1.jpg\" alt=\"\" class=\"wp-image-71201631\" srcset=\"https:\/\/colegiopuertosol.net\/wp-content\/uploads\/2025\/01\/2024-01-19-2-1.jpg 680w, https:\/\/colegiopuertosol.net\/wp-content\/uploads\/2025\/01\/2024-01-19-2-1-300x158.jpg 300w\" sizes=\"auto, (max-width: 680px) 100vw, 680px\" \/><\/figure>\n\n\n\n<p><\/p>\n\n\n\n<p><\/p>\n\n\n\n<p><\/p>\n","protected":false},"excerpt":{"rendered":"<p>PROYECTO EDUCATIVO El proyecto educativo del Colegio Puertosol cuenta con el aval de 50 a\u00f1os de historia y experiencia al servicio de la formaci\u00f3n integral [&hellip;]<\/p>\n","protected":false},"author":1,"featured_media":0,"parent":0,"menu_order":0,"comment_status":"closed","ping_status":"closed","template":"","meta":{"_themeisle_gutenberg_block_has_review":false,"footnotes":""},"class_list":["post-71201255","page","type-page","status-publish","hentry"],"_links":{"self":[{"href":"https:\/\/colegiopuertosol.net\/index.php?rest_route=\/wp\/v2\/pages\/71201255","targetHints":{"allow":["GET"]}}],"collection":[{"href":"https:\/\/colegiopuertosol.net\/index.php?rest_route=\/wp\/v2\/pages"}],"about":[{"href":"https:\/\/colegiopuertosol.net\/index.php?rest_route=\/wp\/v2\/types\/page"}],"author":[{"embeddable":true,"href":"https:\/\/colegiopuertosol.net\/index.php?rest_route=\/wp\/v2\/users\/1"}],"replies":[{"embeddable":true,"href":"https:\/\/colegiopuertosol.net\/index.php?rest_route=%2Fwp%2Fv2%2Fcomments&post=71201255"}],"version-history":[{"count":13,"href":"https:\/\/colegiopuertosol.net\/index.php?rest_route=\/wp\/v2\/pages\/71201255\/revisions"}],"predecessor-version":[{"id":71205132,"href":"https:\/\/colegiopuertosol.net\/index.php?rest_route=\/wp\/v2\/pages\/71201255\/revisions\/71205132"}],"wp:attachment":[{"href":"https:\/\/colegiopuertosol.net\/index.php?rest_route=%2Fwp%2Fv2%2Fmedia&parent=71201255"}],"curies":[{"name":"wp","href":"https:\/\/api.w.org\/{rel}","templated":true}]}}