
{"id":71201259,"date":"2024-12-04T11:02:19","date_gmt":"2024-12-04T11:02:19","guid":{"rendered":"https:\/\/colegiopuertosol.com\/wp\/?page_id=71201259"},"modified":"2025-09-09T17:48:00","modified_gmt":"2025-09-09T17:48:00","slug":"uniformes","status":"publish","type":"page","link":"https:\/\/colegiopuertosol.net\/?page_id=71201259","title":{"rendered":"Uniformes"},"content":{"rendered":"\n<p><\/p>\n\n\n\n<p><strong>&nbsp;Curso 2025-26<\/strong><\/p>\n\n\n\n<p>Tal y como en a\u00f1os anteriores la compra de uniformes se podr\u00e1 hacer a trav\u00e9s de nuestra tienda online. Las compras realizadas a partir del 27 de agosto se recoger\u00e1n a la vuelta de las vacaciones en horario de tienda f\u00edsica. No ser\u00e1 necesario esperar cola. A partir del 10 de septiembre , 15 en el caso de secundaria, ser\u00e1n entregados al alumno o alumna en clase.<\/p>\n\n\n\n<p>Para poder realizar sus compras les facilitamos el enlace y tutoriales:<\/p>\n\n\n\n<p>Enlace a la tienda online : <a href=\"https:\/\/tienda.colegiopuertosol.net\/\" data-type=\"link\" data-id=\"https:\/\/tienda.colegiopuertosol.net\/\">Enlace a tienda<\/a><\/p>\n\n\n\n<p>Tutorial de compra, cambio o devoluci\u00f3n: <a href=\"https:\/\/colegiopuertosol.net\/?p=71202019\">Enlace<\/a><\/p>\n\n\n\n<p><strong>Horario tienda f\u00edsica:<\/strong><\/p>\n\n\n\n<p><strong>3 a\u00f1os de Ed. infantil y alumnos de nueva incorporaci\u00f3n<\/strong>:<\/p>\n\n\n\n<ul class=\"wp-block-list\">\n<li>Viernes 5 de septiembre <strong>de<\/strong> <strong>11:00h. a 14:00h. y de 17:30h. a 19:30h.<\/strong><\/li>\n\n\n\n<li>S\u00e1bado 6 de septiembre <strong>de 10:00h a 13:00h<\/strong><\/li>\n\n\n\n<li>Martes 9 de septiembre <strong>de 9:30h a 12:45h y de 17:00h a 19:00h.<\/strong><\/li>\n<\/ul>\n\n\n\n<p><strong>4 y 5 a\u00f1os de Ed. infantil y Ed. Primaria:<\/strong><\/p>\n\n\n\n<ul class=\"wp-block-list\">\n<li>Del lunes 1 al jueves 4 de septiembre <strong>de<\/strong> <strong>11:00h. a 14:00h. y de 17:30h. a 19:30h.<\/strong><\/li>\n<\/ul>\n\n\n\n<p><strong>Ed. Secundaria y Bachillerato:<\/strong><\/p>\n\n\n\n<ul class=\"wp-block-list\">\n<li>Del mi\u00e9rcoles 10 al viernes 12 de septiembre <strong>de 9:30h a 12:45h y de 17:30h a 19:00h.<\/strong><\/li>\n<\/ul>\n\n\n\n<p><\/p>\n\n\n\n<p>&nbsp;<\/p>\n\n\n\n<p>Se har\u00e1n dos colas diferenciadas, compra en tienda y recogida de pedidos online.<\/p>\n\n\n\n<p>Para la compra en tienda f\u00edsica tambi\u00e9n ser\u00e1 necesario crearse un perfil de usuario, podr\u00e1n darse de alta en el enlace de la tienda facilitado anteriormente.<\/p>\n\n\n\n<p class=\"has-text-align-center has-medium-font-size\"><strong>PRENDAS DE VESTIR DEL COLEGIO PUERTOSOL<\/strong><\/p>\n\n\n\n<p class=\"has-text-align-center\"><strong> PARA NI\u00d1AS<\/strong> &#8211; Polo blanco con ribete amarillo y verde y escudo del Colegio. &#8211; Jersey de pico verde oscuro con ribete amarillo y escudo del Colegio. &#8211; Falda pantal\u00f3n gris o falda. &#8211; Calcetines, leotardos o medias de color verde oscuro. &#8211; Zapatos negros. &#8211; Babero rayas verdes y blancas para Educaci\u00f3n Infantil y escudo del Colegio &#8211; Chaquet\u00f3n \u2013 chubasquero de color verde botella con escudo del Colegio. <\/p>\n\n\n\n<p class=\"has-text-align-center\"><strong>PARA NI\u00d1OS<\/strong> &#8211; Pantal\u00f3n gris con escudo del Colegio en la presilla. &#8211; Polo blanco con ribete amarillo y verde y escudo del Colegio. &#8211; Jersey de pico verde oscuro con ribete amarillo y escudo del Colegio. &#8211; Calcetines verde oscuro. &#8211; Cintur\u00f3n negro. &#8211; Zapatos negros. &#8211; Babero rayas verdes y blancas para Educaci\u00f3n Infantil, y escudo del Colegio. &#8211; Chaquet\u00f3n \u2013 chubasquero de color verde botella con escudo del Colegio. <\/p>\n\n\n\n<p class=\"has-text-align-center\"><strong>EDUCACI\u00d3N F\u00cdSICA Y DEPORTE<\/strong> &#8211; Camiseta con cuello de pico (verde \/ amarilla) con escudo y nombre del Colegio &#8211; Calz\u00f3n verde con banda amarilla \/ blanca. &#8211; Sudadera gris con motivos blancos, verdes y amarillos con escudo y nombre del Colegio &#8211; Calcetines blancos. &#8211; Zapatillas deportivas. &#8211; Ch\u00e1ndal OFICIAL verde con motivos blancos y amarillos, con escudo y nombre del Colegio<\/p>\n\n\n\n<p class=\"has-text-align-left\">El Uniforme es obligatorio para todo el alumnado de Educaci\u00f3n Infantil, Educaci\u00f3n Primaria y Educaci\u00f3n Secundaria Obligatoria. Asimismo, se solicita al alumnado de Bachillerato que asista a clase con las prendas adecuadas a las normas del Centro. El equipo de Educaci\u00f3n F\u00edsica es obligatorio para todo el alumnado de Educaci\u00f3n Infantil, Educaci\u00f3n Primaria, Educaci\u00f3n Secundaria Obligatoria y Bachillerato, tanto en la ense\u00f1anza reglada como en las actividades extraescolares. Para salir del Centro, bien en actividades complementarias, bien en actividades extraescolares se deber\u00e1 usar el ch\u00e1ndal oficial completo, excepto cuando se indique lo contrario para determinadas actividades. Se recomienda que las prendas de vestir, las prendas deportivas y los baberos se marquen con el nombre y apellidos del alumno o alumna y n\u00famero de inscripci\u00f3n. Todas las prendas de vestir y deportivas podr\u00e1n adquirirse, gracias a la colaboraci\u00f3n de las empresas de confecci\u00f3n, en la sede del Club Deportivo Puertosol. <\/p>\n\n\n\n<p class=\"has-text-align-left\"><strong>LA DIRECCI\u00d3N<\/strong><\/p>\n\n\n\n<figure class=\"wp-block-gallery has-nested-images columns-default is-cropped wp-block-gallery-1 is-layout-flex wp-block-gallery-is-layout-flex\">\n<figure class=\"wp-block-image size-large\"><img loading=\"lazy\" decoding=\"async\" width=\"480\" height=\"640\" data-id=\"71202030\" src=\"https:\/\/colegiopuertosol.net\/wp-content\/uploads\/2025\/01\/Foto-uniforme.jpg\" alt=\"\" class=\"wp-image-71202030\" srcset=\"https:\/\/colegiopuertosol.net\/wp-content\/uploads\/2025\/01\/Foto-uniforme.jpg 480w, https:\/\/colegiopuertosol.net\/wp-content\/uploads\/2025\/01\/Foto-uniforme-225x300.jpg 225w\" sizes=\"auto, (max-width: 480px) 100vw, 480px\" \/><\/figure>\n\n\n\n<figure class=\"wp-block-image size-large\"><img loading=\"lazy\" decoding=\"async\" width=\"480\" height=\"640\" data-id=\"71202029\" src=\"https:\/\/colegiopuertosol.net\/wp-content\/uploads\/2025\/01\/Uniforme-nina.jpg\" alt=\"\" class=\"wp-image-71202029\" srcset=\"https:\/\/colegiopuertosol.net\/wp-content\/uploads\/2025\/01\/Uniforme-nina.jpg 480w, https:\/\/colegiopuertosol.net\/wp-content\/uploads\/2025\/01\/Uniforme-nina-225x300.jpg 225w\" sizes=\"auto, (max-width: 480px) 100vw, 480px\" \/><\/figure>\n\n\n\n<figure class=\"wp-block-image size-large\"><img loading=\"lazy\" decoding=\"async\" width=\"480\" height=\"640\" data-id=\"71202028\" src=\"https:\/\/colegiopuertosol.net\/wp-content\/uploads\/2025\/01\/uniforme-nino.jpg\" alt=\"\" class=\"wp-image-71202028\" srcset=\"https:\/\/colegiopuertosol.net\/wp-content\/uploads\/2025\/01\/uniforme-nino.jpg 480w, https:\/\/colegiopuertosol.net\/wp-content\/uploads\/2025\/01\/uniforme-nino-225x300.jpg 225w\" sizes=\"auto, (max-width: 480px) 100vw, 480px\" \/><\/figure>\n<\/figure>\n","protected":false},"excerpt":{"rendered":"<p>&nbsp;Curso 2025-26 Tal y como en a\u00f1os anteriores la compra de uniformes se podr\u00e1 hacer a trav\u00e9s de nuestra tienda online. Las compras realizadas a [&hellip;]<\/p>\n","protected":false},"author":1,"featured_media":0,"parent":0,"menu_order":0,"comment_status":"closed","ping_status":"closed","template":"","meta":{"_themeisle_gutenberg_block_has_review":false,"footnotes":""},"class_list":["post-71201259","page","type-page","status-publish","hentry"],"_links":{"self":[{"href":"https:\/\/colegiopuertosol.net\/index.php?rest_route=\/wp\/v2\/pages\/71201259","targetHints":{"allow":["GET"]}}],"collection":[{"href":"https:\/\/colegiopuertosol.net\/index.php?rest_route=\/wp\/v2\/pages"}],"about":[{"href":"https:\/\/colegiopuertosol.net\/index.php?rest_route=\/wp\/v2\/types\/page"}],"author":[{"embeddable":true,"href":"https:\/\/colegiopuertosol.net\/index.php?rest_route=\/wp\/v2\/users\/1"}],"replies":[{"embeddable":true,"href":"https:\/\/colegiopuertosol.net\/index.php?rest_route=%2Fwp%2Fv2%2Fcomments&post=71201259"}],"version-history":[{"count":13,"href":"https:\/\/colegiopuertosol.net\/index.php?rest_route=\/wp\/v2\/pages\/71201259\/revisions"}],"predecessor-version":[{"id":71205687,"href":"https:\/\/colegiopuertosol.net\/index.php?rest_route=\/wp\/v2\/pages\/71201259\/revisions\/71205687"}],"wp:attachment":[{"href":"https:\/\/colegiopuertosol.net\/index.php?rest_route=%2Fwp%2Fv2%2Fmedia&parent=71201259"}],"curies":[{"name":"wp","href":"https:\/\/api.w.org\/{rel}","templated":true}]}}