
{"id":71201263,"date":"2024-12-04T11:02:37","date_gmt":"2024-12-04T11:02:37","guid":{"rendered":"https:\/\/colegiopuertosol.com\/wp\/?page_id=71201263"},"modified":"2025-01-02T23:53:50","modified_gmt":"2025-01-02T23:53:50","slug":"servicios-2","status":"publish","type":"page","link":"https:\/\/colegiopuertosol.net\/?page_id=71201263","title":{"rendered":"Servicios"},"content":{"rendered":"\n<div class=\"wp-block-group\"><div class=\"wp-block-group__inner-container is-layout-constrained wp-block-group-is-layout-constrained\">\n<p>El Colegio complementa su actividad educativa con un amplio conjunto de servicios que cubren las necesidades de los alumnos a lo largo del curso escolar.<\/p>\n\n\n\n<p>De esta manera nuestro alumnado puede acceder a una oferta integral de servicios que complementan su formaci\u00f3n acad\u00e9mica con <strong>actividades extraescolares (culturales y deportivas)<\/strong> y facilitan la conciliaci\u00f3n de la vida laboral de las familias con el desarrollo del curso escolar <strong>(transporte, comedor, aula matinal, cursos de verano,&#8230;)<\/strong><\/p>\n\n\n<div class=\"wp-block-image\">\n<figure class=\"alignleft is-resized\"><img loading=\"lazy\" decoding=\"async\" width=\"250\" height=\"240\" src=\"https:\/\/colegiopuertosol.net\/wp-content\/uploads\/2025\/01\/servicios-comedor.jpg\" alt=\"\" class=\"wp-image-71201581\" style=\"width:279px;height:auto\"\/><\/figure>\n<\/div>\n\n\n<p>La Actividad del Aula Matinal esta orientada para aquellos padres que por razones laborales no pueden estar con sus hijos entre las siete y media y las nueve y media de la ma\u00f1ana, hora en que comienzan las clases.<\/p>\n\n\n\n<p>En este tiempo se aprovecha para que los alumnos desayunen y realicen actividades complementarias (cuenta cuentos, biblioteca, estudio, etc..) siempre acompa\u00f1ados de los monitores del Colegio.<\/p>\n\n\n\n<p>El colegio proporciona un servicio completo de comidas a lo largo del d\u00eda en el comedor escolar. Desayuno, almuerzo y merienda son elaborados siguiendo los consejos de un experto en nutrici\u00f3n infantil y juvenil. El servicio en general est\u00e1 supervisado por un laboratorio externo que garantiza la calidad del mismo en todos sus aspectos. Existe un comedor independiente para los alumnos de educaci\u00f3n infantil, los cuales necesitan una atenci\u00f3n m\u00e1s personalizada y mobiliario adaptado.<\/p>\n\n\n\n<p>El comedor escolar supone, adem\u00e1s, una excelente oportunidad para proyectar nuestros compromisos educativos en un \u00e1mbito muy sensible a la educaci\u00f3n para la salud, la socializaci\u00f3n y las buenas maneras.<\/p>\n\n\n\n<p>Puede consultar el men\u00fa mensual del servicio en la secci\u00f3n de Comedor:<\/p>\n\n\n\n<figure class=\"wp-block-embed aligncenter is-type-wp-embed is-provider-colegio-puertosol wp-block-embed-colegio-puertosol\"><div class=\"wp-block-embed__wrapper\">\n<blockquote class=\"wp-embedded-content\" data-secret=\"cRb6gz98AK\"><a href=\"https:\/\/colegiopuertosol.net\/?p=26598\">COMEDOR  DICIEMBRE 2024<\/a><\/blockquote><iframe loading=\"lazy\" class=\"wp-embedded-content\" sandbox=\"allow-scripts\" security=\"restricted\" style=\"position: absolute; visibility: hidden;\" title=\"\u00abCOMEDOR  DICIEMBRE 2024\u00bb \u2014 Colegio Puertosol\" src=\"https:\/\/colegiopuertosol.net\/?p=26598&#038;embed=true#?secret=xjkWvE653p#?secret=cRb6gz98AK\" data-secret=\"cRb6gz98AK\" width=\"600\" height=\"338\" frameborder=\"0\" marginwidth=\"0\" marginheight=\"0\" scrolling=\"no\"><\/iframe>\n<\/div><\/figure>\n\n\n\n<p>Para una informaci\u00f3n m\u00e1s detallada de todas estas opciones pueden ponerse en contacto con la Secretar\u00eda del Colegio.<\/p>\n<\/div><\/div>\n","protected":false},"excerpt":{"rendered":"<p>El Colegio complementa su actividad educativa con un amplio conjunto de servicios que cubren las necesidades de los alumnos a lo largo del curso escolar. [&hellip;]<\/p>\n","protected":false},"author":1,"featured_media":0,"parent":0,"menu_order":0,"comment_status":"closed","ping_status":"closed","template":"","meta":{"_themeisle_gutenberg_block_has_review":false,"footnotes":""},"class_list":["post-71201263","page","type-page","status-publish","hentry"],"_links":{"self":[{"href":"https:\/\/colegiopuertosol.net\/index.php?rest_route=\/wp\/v2\/pages\/71201263","targetHints":{"allow":["GET"]}}],"collection":[{"href":"https:\/\/colegiopuertosol.net\/index.php?rest_route=\/wp\/v2\/pages"}],"about":[{"href":"https:\/\/colegiopuertosol.net\/index.php?rest_route=\/wp\/v2\/types\/page"}],"author":[{"embeddable":true,"href":"https:\/\/colegiopuertosol.net\/index.php?rest_route=\/wp\/v2\/users\/1"}],"replies":[{"embeddable":true,"href":"https:\/\/colegiopuertosol.net\/index.php?rest_route=%2Fwp%2Fv2%2Fcomments&post=71201263"}],"version-history":[{"count":8,"href":"https:\/\/colegiopuertosol.net\/index.php?rest_route=\/wp\/v2\/pages\/71201263\/revisions"}],"predecessor-version":[{"id":71201592,"href":"https:\/\/colegiopuertosol.net\/index.php?rest_route=\/wp\/v2\/pages\/71201263\/revisions\/71201592"}],"wp:attachment":[{"href":"https:\/\/colegiopuertosol.net\/index.php?rest_route=%2Fwp%2Fv2%2Fmedia&parent=71201263"}],"curies":[{"name":"wp","href":"https:\/\/api.w.org\/{rel}","templated":true}]}}