
{"id":71204398,"date":"2025-10-28T11:38:50","date_gmt":"2025-10-28T11:38:50","guid":{"rendered":"https:\/\/colegiopuertosol.net\/?page_id=71204398"},"modified":"2025-10-28T11:48:44","modified_gmt":"2025-10-28T11:48:44","slug":"trabaja-con-nosotros-3","status":"publish","type":"page","link":"https:\/\/colegiopuertosol.net\/?page_id=71204398","title":{"rendered":"TRABAJA CON NOSOTROS"},"content":{"rendered":"\n<p>Selecciona y rellena el formulario que m\u00e1s te interese. Nuestro equipo directivo evaluar\u00e1 tu candidatura. <\/p>\n\n\n\n<p>Almacenaremos los datos durante 24 meses. Pasado este tiempo ser\u00e1n eliminados autom\u00e1ticamente de nuestro sistema.<\/p>\n\n\n\n<p>\u00a1Muchas gracias!<\/p>\n\n\n\n<figure class=\"wp-block-image size-large\"><a href=\"https:\/\/forms.gle\/ey4oEcT5PSaLVKWn8\" target=\"_blank\" rel=\" noreferrer noopener\"><img loading=\"lazy\" decoding=\"async\" width=\"1024\" height=\"79\" src=\"https:\/\/colegiopuertosol.net\/wp-content\/uploads\/2025\/10\/2-1024x79.png\" alt=\"\" class=\"wp-image-71204400\" srcset=\"https:\/\/colegiopuertosol.net\/wp-content\/uploads\/2025\/10\/2-1024x79.png 1024w, https:\/\/colegiopuertosol.net\/wp-content\/uploads\/2025\/10\/2-300x23.png 300w, https:\/\/colegiopuertosol.net\/wp-content\/uploads\/2025\/10\/2-768x59.png 768w, https:\/\/colegiopuertosol.net\/wp-content\/uploads\/2025\/10\/2.png 1170w\" sizes=\"auto, (max-width: 1024px) 100vw, 1024px\" \/><\/a><\/figure>\n\n\n\n<figure class=\"wp-block-image size-large\"><a href=\"https:\/\/forms.gle\/TQiXYV4ANWfCyCAX8\" target=\"_blank\" rel=\" noreferrer noopener\"><img loading=\"lazy\" decoding=\"async\" width=\"1024\" height=\"79\" src=\"https:\/\/colegiopuertosol.net\/wp-content\/uploads\/2025\/10\/3-1024x79.png\" alt=\"\" class=\"wp-image-71204401\" srcset=\"https:\/\/colegiopuertosol.net\/wp-content\/uploads\/2025\/10\/3-1024x79.png 1024w, https:\/\/colegiopuertosol.net\/wp-content\/uploads\/2025\/10\/3-300x23.png 300w, https:\/\/colegiopuertosol.net\/wp-content\/uploads\/2025\/10\/3-768x59.png 768w, https:\/\/colegiopuertosol.net\/wp-content\/uploads\/2025\/10\/3.png 1170w\" sizes=\"auto, (max-width: 1024px) 100vw, 1024px\" \/><\/a><\/figure>\n\n\n\n<figure class=\"wp-block-image size-large\"><a href=\"https:\/\/forms.gle\/FKAPYRzojjXwpM1M8\" target=\"_blank\" rel=\" noreferrer noopener\"><img loading=\"lazy\" decoding=\"async\" width=\"1024\" height=\"79\" src=\"https:\/\/colegiopuertosol.net\/wp-content\/uploads\/2025\/10\/4-1024x79.png\" alt=\"\" class=\"wp-image-71204402\" srcset=\"https:\/\/colegiopuertosol.net\/wp-content\/uploads\/2025\/10\/4-1024x79.png 1024w, https:\/\/colegiopuertosol.net\/wp-content\/uploads\/2025\/10\/4-300x23.png 300w, https:\/\/colegiopuertosol.net\/wp-content\/uploads\/2025\/10\/4-768x59.png 768w, https:\/\/colegiopuertosol.net\/wp-content\/uploads\/2025\/10\/4.png 1170w\" sizes=\"auto, (max-width: 1024px) 100vw, 1024px\" \/><\/a><\/figure>\n\n\n\n<p><\/p>\n","protected":false},"excerpt":{"rendered":"<p>Selecciona y rellena el formulario que m\u00e1s te interese. Nuestro equipo directivo evaluar\u00e1 tu candidatura. Almacenaremos los datos durante 24 meses. Pasado este tiempo ser\u00e1n [&hellip;]<\/p>\n","protected":false},"author":1,"featured_media":0,"parent":0,"menu_order":0,"comment_status":"closed","ping_status":"closed","template":"","meta":{"_themeisle_gutenberg_block_has_review":false,"footnotes":""},"class_list":["post-71204398","page","type-page","status-publish","hentry"],"_links":{"self":[{"href":"https:\/\/colegiopuertosol.net\/index.php?rest_route=\/wp\/v2\/pages\/71204398","targetHints":{"allow":["GET"]}}],"collection":[{"href":"https:\/\/colegiopuertosol.net\/index.php?rest_route=\/wp\/v2\/pages"}],"about":[{"href":"https:\/\/colegiopuertosol.net\/index.php?rest_route=\/wp\/v2\/types\/page"}],"author":[{"embeddable":true,"href":"https:\/\/colegiopuertosol.net\/index.php?rest_route=\/wp\/v2\/users\/1"}],"replies":[{"embeddable":true,"href":"https:\/\/colegiopuertosol.net\/index.php?rest_route=%2Fwp%2Fv2%2Fcomments&post=71204398"}],"version-history":[{"count":3,"href":"https:\/\/colegiopuertosol.net\/index.php?rest_route=\/wp\/v2\/pages\/71204398\/revisions"}],"predecessor-version":[{"id":71204407,"href":"https:\/\/colegiopuertosol.net\/index.php?rest_route=\/wp\/v2\/pages\/71204398\/revisions\/71204407"}],"wp:attachment":[{"href":"https:\/\/colegiopuertosol.net\/index.php?rest_route=%2Fwp%2Fv2%2Fmedia&parent=71204398"}],"curies":[{"name":"wp","href":"https:\/\/api.w.org\/{rel}","templated":true}]}}